{"id":3181,"date":"2024-12-12T12:37:18","date_gmt":"2024-12-12T12:37:18","guid":{"rendered":"https:\/\/lala.com.uy\/sitio\/?page_id=3181"},"modified":"2025-10-03T16:34:36","modified_gmt":"2025-10-03T16:34:36","slug":"servicio","status":"publish","type":"page","link":"https:\/\/lala.uy\/w\/servicio\/","title":{"rendered":"Servicio"},"content":{"rendered":"\t\t<div data-elementor-type=\"wp-page\" data-elementor-id=\"3181\" class=\"elementor elementor-3181\">\n\t\t\t\t<div class=\"elementor-element elementor-element-2349cc1 e-flex e-con-boxed e-con e-parent\" data-id=\"2349cc1\" data-element_type=\"container\" data-e-type=\"container\">\n\t\t\t\t\t<div class=\"e-con-inner\">\n\t\t\t\t<div class=\"elementor-element elementor-element-3c5dc27 elementor-grid-2 elementor-grid-mobile-1 our-service-style-1 elementor-pagination-style-1 elementor-invisible elementor-widget elementor-widget-recrutie-service\" data-id=\"3c5dc27\" data-element_type=\"widget\" data-e-type=\"widget\" data-settings=\"{&quot;column&quot;:&quot;2&quot;,&quot;_animation&quot;:&quot;fadeInUp&quot;,&quot;column_mobile&quot;:&quot;1&quot;,&quot;column_spacing&quot;:{&quot;unit&quot;:&quot;px&quot;,&quot;size&quot;:30,&quot;sizes&quot;:[]}}\" data-widget_type=\"recrutie-service.default\">\n\t\t\t\t<div class=\"elementor-widget-container\">\n\t\t\t\t\t\n            <div class=\"recrutie-wrapper recrutie_service-wrapper\">\n                <div class=\"recrutie-con\">\n                    <div class=\"recrutie-con-inner elementor-grid\">\n                                                    <div class=\"elementor-service-item elementor-repeater-item-2cbf9b5 service-item-gird\">\n                                <div class=\"service-inner\">\n                                                                            <div class=\"entry-background\">\n                                            <img decoding=\"async\" src=\"https:\/\/lala.uy\/w\/wp-content\/uploads\/2024\/11\/service_back_1-1.png\" title=\"service_back_1.png\" alt=\"service_back_1.png\" loading=\"lazy\" \/>                                        <\/div>\n                                    \n                                    <div class=\"service-content\">\n                                        \n                                        \n                                                    <h2 class=\"entry-title\">\n            <a href=\"https:\/\/lala.uy\/w\/servicios\/headhunting\/\">\n                Headhunting            <\/a>\n        <\/h2>\n        \n                                                                                            <div class=\"excerpt-content\">Encontramos exactamente el talento que necesitas<\/div>\n                                            \n                                            \n                                                                                    <div class=\"more-link-wrap\">\n                                                <a class=\"more-link\" href=\"https:\/\/lala.uy\/w\/servicios\/headhunting\/\">\n                                                    Conocer m\u00e1s                                                    <!--                                                    <i class=\"recrutie-icon-arrow-up-right-1\"><\/i>-->\n                                                <\/a>\n\n                                            <\/div>\n                                                                            <\/div>\n\n                                    <div class=\"service-post-thumbnail\">\n                                                                                                                            <img fetchpriority=\"high\" decoding=\"async\" width=\"2560\" height=\"1707\" src=\"https:\/\/lala.uy\/w\/wp-content\/uploads\/2025\/09\/ADR_50421-1-scaled.jpg\" class=\"attachment-full size-full wp-image-3728\" alt=\"\" srcset=\"https:\/\/lala.uy\/w\/wp-content\/uploads\/2025\/09\/ADR_50421-1-scaled.jpg 2560w, https:\/\/lala.uy\/w\/wp-content\/uploads\/2025\/09\/ADR_50421-1-300x200.jpg 300w\" sizes=\"(max-width: 2560px) 100vw, 2560px\" \/>                                        \n                                    <\/div>\n                                <\/div>\n\n                            <\/div>\n                                                    <div class=\"elementor-service-item elementor-repeater-item-68798d0 service-item-gird\">\n                                <div class=\"service-inner\">\n                                                                            <div class=\"entry-background\">\n                                            <img decoding=\"async\" src=\"https:\/\/lala.uy\/w\/wp-content\/uploads\/2024\/11\/service_back_1-1.png\" title=\"service_back_1.png\" alt=\"service_back_1.png\" loading=\"lazy\" \/>                                        <\/div>\n                                    \n                                    <div class=\"service-content\">\n                                        \n                                        \n                                                    <h2 class=\"entry-title\">\n            <a href=\"https:\/\/lala.uy\/w\/servicios\/hr-squads\/\">\n                HR Squads            <\/a>\n        <\/h2>\n        \n                                                                                            <div class=\"excerpt-content\">Nos sumergimos en tu organizaci\u00f3n y somos tu \u00e1rea de personas<\/div>\n                                            \n                                            \n                                                                                    <div class=\"more-link-wrap\">\n                                                <a class=\"more-link\" href=\"https:\/\/lala.uy\/w\/servicios\/hr-squads\/\">\n                                                    Conocer m\u00e1s                                                    <!--                                                    <i class=\"recrutie-icon-arrow-up-right-1\"><\/i>-->\n                                                <\/a>\n\n                                            <\/div>\n                                                                            <\/div>\n\n                                    <div class=\"service-post-thumbnail\">\n                                                                                                                            <img decoding=\"async\" width=\"4556\" height=\"3238\" src=\"https:\/\/lala.uy\/w\/wp-content\/uploads\/2025\/09\/ADR_4866-1.jpg\" class=\"attachment-full size-full wp-image-3746\" alt=\"\" srcset=\"https:\/\/lala.uy\/w\/wp-content\/uploads\/2025\/09\/ADR_4866-1.jpg 4556w, https:\/\/lala.uy\/w\/wp-content\/uploads\/2025\/09\/ADR_4866-1-300x213.jpg 300w\" sizes=\"(max-width: 4556px) 100vw, 4556px\" \/>                                        \n                                    <\/div>\n                                <\/div>\n\n                            <\/div>\n                                                    <div class=\"elementor-service-item elementor-repeater-item-e7878ae service-item-gird\">\n                                <div class=\"service-inner\">\n                                                                            <div class=\"entry-background\">\n                                            <img decoding=\"async\" src=\"https:\/\/lala.uy\/w\/wp-content\/uploads\/2024\/11\/service_back_3-1.png\" title=\"service_back_3.png\" alt=\"service_back_3.png\" loading=\"lazy\" \/>                                        <\/div>\n                                    \n                                    <div class=\"service-content\">\n                                        \n                                        \n                                                    <h2 class=\"entry-title\">\n            <a href=\"https:\/\/lala.uy\/w\/servicios\/reclutamiento-masivo\/\">\n                Reclutamiento masivo            <\/a>\n        <\/h2>\n        \n                                                                                            <div class=\"excerpt-content\">Desarrollamos un modelo con el que llevamos +700 personas contratadas en el ultimo a\u00f1o.<\/div>\n                                            \n                                            \n                                                                                    <div class=\"more-link-wrap\">\n                                                <a class=\"more-link\" href=\"https:\/\/lala.uy\/w\/servicios\/reclutamiento-masivo\/\">\n                                                    Conocer m\u00e1s                                                    <!--                                                    <i class=\"recrutie-icon-arrow-up-right-1\"><\/i>-->\n                                                <\/a>\n\n                                            <\/div>\n                                                                            <\/div>\n\n                                    <div class=\"service-post-thumbnail\">\n                                                                                                                            <img decoding=\"async\" src=\"https:\/\/lala.uy\/w\/wp-content\/uploads\/2025\/09\/ADR_4738.jpg\" class=\"attachment-full size-full wp-image-3738\" alt=\"\" \/>                                        \n                                    <\/div>\n                                <\/div>\n\n                            <\/div>\n                                                    <div class=\"elementor-service-item elementor-repeater-item-b7e2526 service-item-gird\">\n                                <div class=\"service-inner\">\n                                                                            <div class=\"entry-background\">\n                                            <img decoding=\"async\" src=\"https:\/\/lala.uy\/w\/wp-content\/uploads\/2024\/11\/service_back_2-1.png\" title=\"service_back_2.png\" alt=\"service_back_2.png\" loading=\"lazy\" \/>                                        <\/div>\n                                    \n                                    <div class=\"service-content\">\n                                        \n                                        \n                                                    <h2 class=\"entry-title\">\n            <a href=\"https:\/\/lala.uy\/w\/servicios\/programa-de-desarrollo-de-habilidades-de-liderazgo\/\">\n                Programa de desarrollo de habilidades de liderazgo            <\/a>\n        <\/h2>\n        \n                                                                                            <div class=\"excerpt-content\">Programa de desarrollo de habilidades de liderazgo Las organizaciones actuales necesitan l\u00edderes transformadores e inspiradores, capaces de impulsar a sus equipos hacia su m\u00e1ximo potencial. Te invitamos a recorrer este&hellip;<\/div>\n                                            \n                                            \n                                                                                    <div class=\"more-link-wrap\">\n                                                <a class=\"more-link\" href=\"https:\/\/lala.uy\/w\/servicios\/programa-de-desarrollo-de-habilidades-de-liderazgo\/\">\n                                                    Conocer m\u00e1s                                                    <!--                                                    <i class=\"recrutie-icon-arrow-up-right-1\"><\/i>-->\n                                                <\/a>\n\n                                            <\/div>\n                                                                            <\/div>\n\n                                    <div class=\"service-post-thumbnail\">\n                                                                                                                            <img decoding=\"async\" width=\"2560\" height=\"1707\" src=\"https:\/\/lala.uy\/w\/wp-content\/uploads\/2025\/09\/ADR_4917-scaled.jpg\" class=\"attachment-full size-full wp-image-3741\" alt=\"\" srcset=\"https:\/\/lala.uy\/w\/wp-content\/uploads\/2025\/09\/ADR_4917-scaled.jpg 2560w, https:\/\/lala.uy\/w\/wp-content\/uploads\/2025\/09\/ADR_4917-300x200.jpg 300w\" sizes=\"(max-width: 2560px) 100vw, 2560px\" \/>                                        \n                                    <\/div>\n                                <\/div>\n\n                            <\/div>\n                                                    <div class=\"elementor-service-item elementor-repeater-item-f20e7da service-item-gird\">\n                                <div class=\"service-inner\">\n                                                                            <div class=\"entry-background\">\n                                            <img decoding=\"async\" src=\"https:\/\/lala.uy\/w\/wp-content\/uploads\/2024\/11\/service_back_1-1.png\" title=\"service_back_1.png\" alt=\"service_back_1.png\" loading=\"lazy\" \/>                                        <\/div>\n                                    \n                                    <div class=\"service-content\">\n                                        \n                                        \n                                                    <h2 class=\"entry-title\">\n            <a href=\"https:\/\/lala.uy\/w\/servicios\/diseno-y-transformacion-del-area-de-personas\/\">\n                Dise\u00f1o y transformaci\u00f3n del \u00e1rea de Personas            <\/a>\n        <\/h2>\n        \n                                                                                            <div class=\"excerpt-content\">Dise\u00f1o y transformaci\u00f3n del \u00e1rea de Personas Desarrollamos equipos innovadores, comprometidos, promotores del cambio y con un enfoque transversal. Abordamos proyectos desde una perspectiva hol\u00edstica de negocio, con la capacidad&hellip;<\/div>\n                                            \n                                            \n                                                                                    <div class=\"more-link-wrap\">\n                                                <a class=\"more-link\" href=\"https:\/\/lala.uy\/w\/servicios\/diseno-y-transformacion-del-area-de-personas\/\">\n                                                    Conocer m\u00e1s                                                    <!--                                                    <i class=\"recrutie-icon-arrow-up-right-1\"><\/i>-->\n                                                <\/a>\n\n                                            <\/div>\n                                                                            <\/div>\n\n                                    <div class=\"service-post-thumbnail\">\n                                                                                                                            <img decoding=\"async\" src=\"https:\/\/lala.uy\/w\/wp-content\/uploads\/2025\/09\/ADR_4713.jpg\" class=\"attachment-full size-full wp-image-3737\" alt=\"\" \/>                                        \n                                    <\/div>\n                                <\/div>\n\n                            <\/div>\n                                            <\/div>\n                <\/div>\n                            <\/div>\n            \t\t\t\t<\/div>\n\t\t\t\t<\/div>\n\t\t\t\t\t<\/div>\n\t\t\t\t<\/div>\n\t\t\t\t<\/div>\n\t\t","protected":false},"excerpt":{"rendered":"<p>Headhunting Encontramos exactamente el talento que necesitas Conocer m\u00e1s HR Squads Nos sumergimos en tu organizaci\u00f3n y somos tu \u00e1rea de personas Conocer m\u00e1s Reclutamiento masivo Desarrollamos un modelo con el que llevamos +700 personas contratadas en el ultimo a\u00f1o. Conocer m\u00e1s Programa de desarrollo de habilidades de liderazgo Programa de desarrollo de habilidades de [&hellip;]<\/p>\n","protected":false},"author":1,"featured_media":0,"parent":0,"menu_order":0,"comment_status":"closed","ping_status":"closed","template":"","meta":{"footnotes":""},"class_list":["post-3181","page","type-page","status-publish","hentry"],"_links":{"self":[{"href":"https:\/\/lala.uy\/w\/wp-json\/wp\/v2\/pages\/3181","targetHints":{"allow":["GET"]}}],"collection":[{"href":"https:\/\/lala.uy\/w\/wp-json\/wp\/v2\/pages"}],"about":[{"href":"https:\/\/lala.uy\/w\/wp-json\/wp\/v2\/types\/page"}],"author":[{"embeddable":true,"href":"https:\/\/lala.uy\/w\/wp-json\/wp\/v2\/users\/1"}],"replies":[{"embeddable":true,"href":"https:\/\/lala.uy\/w\/wp-json\/wp\/v2\/comments?post=3181"}],"version-history":[{"count":40,"href":"https:\/\/lala.uy\/w\/wp-json\/wp\/v2\/pages\/3181\/revisions"}],"predecessor-version":[{"id":3917,"href":"https:\/\/lala.uy\/w\/wp-json\/wp\/v2\/pages\/3181\/revisions\/3917"}],"wp:attachment":[{"href":"https:\/\/lala.uy\/w\/wp-json\/wp\/v2\/media?parent=3181"}],"curies":[{"name":"wp","href":"https:\/\/api.w.org\/{rel}","templated":true}]}}